{"id":369,"date":"2026-03-17T14:24:07","date_gmt":"2026-03-17T14:24:07","guid":{"rendered":"https:\/\/democracy.usv.ro\/?page_id=369"},"modified":"2026-04-28T10:25:39","modified_gmt":"2026-04-28T10:25:39","slug":"publication-conditions","status":"publish","type":"page","link":"https:\/\/democracy.usv.ro\/ro\/publication-conditions\/","title":{"rendered":"Condi\u021bii de publicare"},"content":{"rendered":"<!--themify_builder_content-->\n<div id=\"themify_builder_content-369\" data-postid=\"369\" class=\"themify_builder_content themify_builder_content-369 themify_builder tf_clear\">\n                    <div  data-lazy=\"1\" class=\"module_row themify_builder_row tb_skc220 tb_first tf_w\">\n                        <div class=\"row_inner col_align_top tb_col_count_1 tf_box tf_rel\">\n                        <div  data-lazy=\"1\" class=\"module_column tb-column col-full tb_otwd21 first\">\n                            <div  data-lazy=\"1\" class=\"module_subrow themify_builder_sub_row tf_w col_align_top tb_col_count_1 tb_cprd22\">\n                <div  data-lazy=\"1\" class=\"module_column sub_column col-full tb_lmif22 first\">\n                    <!-- module text -->\n<div  class=\"module module-text tb_7nhy22\" data-lazy=\"1\">\n        <div  class=\"tb_text_wrap\">\n        <p style=\"text-align: justify;\" class=\"translation-block\">Articolele, \u00eentre 7.000 \u0219i 10.000 de cuvinte (formatul articolelor este disponibil <a href=\"https:\/\/democracy.usv.ro\/wp-content\/uploads\/2026\/01\/FR_ENGL_Modele_redaction_Article_Template.docx\">aici<\/a>), vor fi transmise la adresa <a href=\"\/ro\/democracy@usv.ro\/\">democracy@usv.ro<\/a> \u00eenainte de 30 iulie 2026 \u0219i vor fi publicate \u00een premierul volum al actelor forumului (bilingv francez\u0103- englez\u0103), intitulat <em>La Revue internationale de la d\u00e9mocratie et de la d\u00e9cision publique\/ The International Journal on Democracy and Public Decision<\/em>.<\/p>\n<p style=\"text-align: justify;\" class=\"translation-block\"><p style=\"text-align: justify\">Forumului Interna\u021bional al Democra\u021biei \u0219i al Deciziei Publice ofer\u0103 participan\u021bilor posibilitatea de a-\u0219i publica lucr\u0103rile, taxa de publicare fiind de 40 EUR (detaliile bancare ale contului dedicat al Universit\u0103\u021bii \u201e\u0218tefan cel Mare\u201d din Suceava - \u00een EUR - pot fi g\u0103site <u><a href=\"#euro\">aici<\/a><\/u>) sau 215 RON (detaliile bancare ale contului dedicat al Universit\u0103\u021bii \u201e\u0218tefan cel Mare\u201d din Suceava - \u00een RON - pot fi g\u0103site <u><a href=\"#lei\">aici<\/a><\/u>) care acoper\u0103, printre altele, costurile legate de <em>peer review<\/em>, corectur\u0103, machetare \u0219i publicare online.<\/p><\/p>\n<p style=\"text-align: left;\">Intervenien\u021bii vor fi aviza\u021bi \u00een momentul public\u0103rii iar volumul va fi disponibil on line.<\/p>\n    <\/div>\n<\/div>\n<!-- \/module text -->        <\/div>\n                    <\/div>\n                <\/div>\n                        <\/div>\n        <\/div>\n                        <div  data-anchor=\"euro\" data-hide-anchor=\"1\" data-lazy=\"1\" class=\"module_row themify_builder_row tb_has_section tb_section-euro tb_di81312 tf_w\">\n                        <div class=\"row_inner col_align_top tb_col_count_1 tf_box tf_rel\">\n                        <div  data-lazy=\"1\" class=\"module_column tb-column col-full tb_jvo1312 first\">\n                    <!-- module text -->\n<div  class=\"module module-text tb_r87v312\" data-lazy=\"1\">\n        <div  class=\"tb_text_wrap\">\n        <p>EUR:<\/p>    <\/div>\n<\/div>\n<!-- \/module text --><!-- module text -->\n<div  class=\"module module-text tb_s2ut312\" data-lazy=\"1\">\n        <div  class=\"tb_text_wrap\">\n        <p>Titular: Universitatea Stefan cel Mare Suceava CIF 4244423<\/p>\n<p>Cod IBAN : RO06RNCB0234037009580081<\/p>\n<p>SWIFT : RNCB RO BU<\/p>    <\/div>\n<\/div>\n<!-- \/module text -->        <\/div>\n                        <\/div>\n        <\/div>\n                        <div  data-anchor=\"lei\" data-lazy=\"1\" class=\"module_row themify_builder_row tb_has_section tb_section-lei tb_vvd6911 tf_w\">\n                        <div class=\"row_inner col_align_top tb_col_count_1 tf_box tf_rel\">\n                        <div  data-lazy=\"1\" class=\"module_column tb-column col-full tb_evru911 first\">\n                    <!-- module text -->\n<div  class=\"module module-text tb_a8vw911\" data-lazy=\"1\">\n        <div  class=\"tb_text_wrap\">\n        <p>RON:<\/p>    <\/div>\n<\/div>\n<!-- \/module text --><!-- module text -->\n<div  class=\"module module-text tb_v3ph911\" data-lazy=\"1\">\n        <div  class=\"tb_text_wrap\">\n        <p>Titular: Universitatea Stefan cel Mare Suceava CIF 4244423<\/p>\n<p>Cod IBAN: RO48TREZ59120F330800XXXX<\/p>\n<p>(cont deschis la Trezoreria Municipiului Suceava)<\/p>    <\/div>\n<\/div>\n<!-- \/module text -->        <\/div>\n                        <\/div>\n        <\/div>\n        <\/div>\n<!--\/themify_builder_content-->","protected":false},"excerpt":{"rendered":"<p>The contributions, between 7,000 and 10,000 words (article&#8217;s format is available here), should be sent to democracy@usv.ro before July 30, 2026 and will be published in the first volume of the proceedings of the conference (bilingual French \u2013 English), La Revue internationale de la d\u00e9mocratie et de la d\u00e9cision publique\/ The International Journal on Democracy [&hellip;]<\/p>\n","protected":false},"author":2,"featured_media":0,"parent":0,"menu_order":0,"comment_status":"closed","ping_status":"closed","template":"","meta":{"footnotes":""},"class_list":["post-369","page","type-page","status-publish","hentry","has-post-title","has-post-date","has-post-category","has-post-tag","has-post-comment","has-post-author",""],"builder_content":"<p style=\"text-align: justify;\">The contributions, between 7,000 and 10,000 words (article's format is available <a href=\"https:\/\/democracy.usv.ro\/wp-content\/uploads\/2026\/01\/FR_ENGL_Modele_redaction_Article_Template.docx\">here<\/a>), should be sent to <a href=\"democracy@usv.ro\">democracy@usv.ro<\/a> before July 30, 2026 and will be published in the first volume of the proceedings of the conference (bilingual French \u2013 English), <em>La Revue internationale de la d\u00e9mocratie et de la d\u00e9cision publique\/ The International Journal on Democracy and Public Decision<\/em>.<\/p> <p style=\"text-align: justify;\">The International Forum on Democracy and Public Decision offers participants the opportunity to publish their proceedings for a fee of \u20ac40 (bank details for the dedicated account of the \"Stefan cel Mare\" University of Suceava - in EUR - can be found <a href=\"#euro\"><em><u>here<\/u><\/em><\/a>) or RON 215 (bank details for the dedicated account of the \"Stefan cel Mare\" University of Suceava - in RON - can be found <a href=\"#lei\"><em><u>here<\/u><\/em><\/a>). This fee covers, among others, the costs with peer review, proofreading, layout, and online publication.<\/p> <p style=\"text-align: left;\">Participants will be notified upon publication, and the volume will also be available online.<\/p>\n<p>EUR:<\/p>\n<p>Account holder: Universitatea Stefan cel Mare Suceava CIF 4244423<\/p> <p>Cod IBAN : RO06RNCB0234037009580081<\/p> <p>SWIFT : RNCB RO BU<\/p>\n<p>RON:<\/p>\n<p>Account holder: Universitatea Stefan cel Mare Suceava CIF 4244423<\/p> <p>Cod IBAN: RO48TREZ59120F330800XXXX<\/p> <p>(account at Trezoreria Municipiului Suceava)<\/p>","_links":{"self":[{"href":"https:\/\/democracy.usv.ro\/ro\/wp-json\/wp\/v2\/pages\/369","targetHints":{"allow":["GET"]}}],"collection":[{"href":"https:\/\/democracy.usv.ro\/ro\/wp-json\/wp\/v2\/pages"}],"about":[{"href":"https:\/\/democracy.usv.ro\/ro\/wp-json\/wp\/v2\/types\/page"}],"author":[{"embeddable":true,"href":"https:\/\/democracy.usv.ro\/ro\/wp-json\/wp\/v2\/users\/2"}],"replies":[{"embeddable":true,"href":"https:\/\/democracy.usv.ro\/ro\/wp-json\/wp\/v2\/comments?post=369"}],"version-history":[{"count":30,"href":"https:\/\/democracy.usv.ro\/ro\/wp-json\/wp\/v2\/pages\/369\/revisions"}],"predecessor-version":[{"id":416,"href":"https:\/\/democracy.usv.ro\/ro\/wp-json\/wp\/v2\/pages\/369\/revisions\/416"}],"wp:attachment":[{"href":"https:\/\/democracy.usv.ro\/ro\/wp-json\/wp\/v2\/media?parent=369"}],"curies":[{"name":"wp","href":"https:\/\/api.w.org\/{rel}","templated":true}]}}