{"id":471,"date":"2026-05-07T09:58:58","date_gmt":"2026-05-07T09:58:58","guid":{"rendered":"https:\/\/democracy.usv.ro\/?page_id=471"},"modified":"2026-05-07T10:00:21","modified_gmt":"2026-05-07T10:00:21","slug":"registration","status":"publish","type":"page","link":"https:\/\/democracy.usv.ro\/fr\/registration\/","title":{"rendered":"Enregistrement"},"content":{"rendered":"<!--themify_builder_content-->\n<div id=\"themify_builder_content-471\" data-postid=\"471\" class=\"themify_builder_content themify_builder_content-471 themify_builder tf_clear\">\n                    <div  data-lazy=\"1\" class=\"module_row themify_builder_row tb_skc220 tb_first tf_w\">\n                        <div class=\"row_inner col_align_top tb_col_count_1 tf_box tf_rel\">\n                        <div  data-lazy=\"1\" class=\"module_column tb-column col-full tb_otwd21 first\">\n                            <div  data-lazy=\"1\" class=\"module_subrow themify_builder_sub_row tf_w col_align_top tb_col_count_1 tb_cprd22\">\n                <div  data-lazy=\"1\" class=\"module_column sub_column col-full tb_lmif22 first\">\n                    <!-- module text -->\n<div  class=\"module module-text tb_7nhy22\" data-lazy=\"1\">\n        <div  class=\"tb_text_wrap\">\n        <p style=\"font-weight: 400;\">Les inscriptions des intervenants pour la premi\u00e8re \u00e9dition des Assises internationales de la d\u00e9mocratie et de la d\u00e9cision publique sont closes.<\/p>\n<p style=\"font-weight: 400;\">Nous vous attendons avec impatience l\u2019ann\u00e9e prochaine!<\/p>    <\/div>\n<\/div>\n<!-- \/module text -->        <\/div>\n                    <\/div>\n                <\/div>\n                        <\/div>\n        <\/div>\n        <\/div>\n<!--\/themify_builder_content-->","protected":false},"excerpt":{"rendered":"<p>Registration for speakers at the first edition of the International Forum on Democracy and Public Decision is now closed. We look forward to seeing you next year!<\/p>","protected":false},"author":2,"featured_media":0,"parent":0,"menu_order":0,"comment_status":"closed","ping_status":"closed","template":"","meta":{"footnotes":""},"class_list":["post-471","page","type-page","status-publish","hentry","has-post-title","has-post-date","has-post-category","has-post-tag","has-post-comment","has-post-author",""],"builder_content":"<p style=\"font-weight: 400;\">Registration for speakers at the first edition of the International Forum on Democracy and Public Decision is now closed.<\/p> <p style=\"font-weight: 400;\">We look forward to seeing you next year!<\/p>","_links":{"self":[{"href":"https:\/\/democracy.usv.ro\/fr\/wp-json\/wp\/v2\/pages\/471","targetHints":{"allow":["GET"]}}],"collection":[{"href":"https:\/\/democracy.usv.ro\/fr\/wp-json\/wp\/v2\/pages"}],"about":[{"href":"https:\/\/democracy.usv.ro\/fr\/wp-json\/wp\/v2\/types\/page"}],"author":[{"embeddable":true,"href":"https:\/\/democracy.usv.ro\/fr\/wp-json\/wp\/v2\/users\/2"}],"replies":[{"embeddable":true,"href":"https:\/\/democracy.usv.ro\/fr\/wp-json\/wp\/v2\/comments?post=471"}],"version-history":[{"count":7,"href":"https:\/\/democracy.usv.ro\/fr\/wp-json\/wp\/v2\/pages\/471\/revisions"}],"predecessor-version":[{"id":478,"href":"https:\/\/democracy.usv.ro\/fr\/wp-json\/wp\/v2\/pages\/471\/revisions\/478"}],"wp:attachment":[{"href":"https:\/\/democracy.usv.ro\/fr\/wp-json\/wp\/v2\/media?parent=471"}],"curies":[{"name":"wp","href":"https:\/\/api.w.org\/{rel}","templated":true}]}}