{"id":391,"date":"2026-03-23T13:52:18","date_gmt":"2026-03-23T13:52:18","guid":{"rendered":"https:\/\/democracy.usv.ro\/?page_id=391"},"modified":"2026-03-23T13:53:56","modified_gmt":"2026-03-23T13:53:56","slug":"scientific-committee","status":"publish","type":"page","link":"https:\/\/democracy.usv.ro\/fr\/scientific-committee\/","title":{"rendered":"Comit\u00e9 scientifique"},"content":{"rendered":"<!--themify_builder_content-->\n<div id=\"themify_builder_content-391\" data-postid=\"391\" class=\"themify_builder_content themify_builder_content-391 themify_builder tf_clear\">\n                    <div  data-anchor=\"euro\" data-hide-anchor=\"1\" data-lazy=\"1\" class=\"module_row themify_builder_row tb_has_section tb_section-euro tb_di81312 tb_first tf_w\">\n                        <div class=\"row_inner col_align_top tb_col_count_1 tf_box tf_rel\">\n                        <div  data-lazy=\"1\" class=\"module_column tb-column col-full tb_jvo1312 first\">\n                    <!-- module text -->\n<div  class=\"module module-text tb_r87v312\" data-lazy=\"1\">\n        <div  class=\"tb_text_wrap\">\n        <p><b><span lang=\"RO\">Comit\u00e9 scientifique<\/span><\/b><\/p>    <\/div>\n<\/div>\n<!-- \/module text -->        <\/div>\n                        <\/div>\n        <\/div>\n                        <div  data-lazy=\"1\" class=\"module_row themify_builder_row tb_skc220 tf_w\">\n                        <div class=\"row_inner col_align_top tb_col_count_1 tf_box tf_rel\">\n                        <div  data-lazy=\"1\" class=\"module_column tb-column col-full tb_otwd21 first\">\n                            <div  data-lazy=\"1\" class=\"module_subrow themify_builder_sub_row tf_w col_align_top tb_col_count_1 tb_cprd22\">\n                <div  data-lazy=\"1\" class=\"module_column sub_column col-full tb_lmif22 first\">\n                    <!-- module text -->\n<div  class=\"module module-text tb_7nhy22\" data-lazy=\"1\">\n        <div  class=\"tb_text_wrap\">\n        <ul>\n<li style=\"font-weight: 400;\">Acad. Prof.\u00a0univ. dr.\u00a0Serge SUR, Membre de l&#8217;Acad\u00e9mie des sciences morales et politiques (Institut de France), Professeur \u00e9m\u00e9rite, Universit\u00e9 Paris-Panth\u00e9on-Assas, France\u00a0<\/li>\n<li style=\"font-weight: 400;\">Prof. univ. dr. Roseline LETTERON, Sorbonne Universit\u00e9, France<\/li>\n<li style=\"font-weight: 400;\">Prof. univ. dr. \u0218tefan PURICI, Universitatea \u201e\u0218tefan cel Mare\u201d din Suceava<\/li>\n<li style=\"font-weight: 400;\">Prof. univ. Aurelian ROTARU, Universitatea \u201e\u0218tefan cel Mare\u201d din Suceava<\/li>\n<li style=\"font-weight: 400;\">Prof. univ. dr. Florin PINTESCU,\u00a0Universitatea \u201e\u0218tefan cel Mare\u201d din Suceava<\/li>\n<li style=\"font-weight: 400;\">Prof. univ. dr. Gheorghe ONI\u0218ORU, Universitatea \u201e\u0218tefan cel Mare\u201d din Suceava<\/li>\n<li style=\"font-weight: 400;\">Prof. univ. dr. Bogdan POPOVENIUC, Universitatea \u201e\u0218tefan cel Mare\u201d din Suceava<\/li>\n<li style=\"font-weight: 400;\">Prof. univ. dr. Ana Maria BERCU, Universitatea \u201dAlexandru Ioan Cuza\u201d din Ia\u0219i<\/li>\n<li style=\"font-weight: 400;\">Prof. univ. dr. Ludmila RO\u0218CA, Universitatea de Stat din Moldova<\/li>\n<\/ul>    <\/div>\n<\/div>\n<!-- \/module text -->        <\/div>\n                    <\/div>\n                <\/div>\n                        <\/div>\n        <\/div>\n        <\/div>\n<!--\/themify_builder_content-->","protected":false},"excerpt":{"rendered":"<p>Comit\u00e9 scientifique<\/p>","protected":false},"author":2,"featured_media":0,"parent":0,"menu_order":0,"comment_status":"closed","ping_status":"closed","template":"","meta":{"footnotes":""},"class_list":["post-391","page","type-page","status-publish","hentry","has-post-title","has-post-date","has-post-category","has-post-tag","has-post-comment","has-post-author",""],"builder_content":"<p><b>Scientific Committee<\/b><\/p>\n<ul> <li style=\"font-weight: 400;\">Acad. Prof.\u00a0univ. dr.\u00a0Serge SUR, Membre de l'Acad\u00e9mie des sciences morales et politiques (Institut de France), Professeur \u00e9m\u00e9rite, Universit\u00e9 Paris-Panth\u00e9on-Assas, France\u00a0<\/li> <li style=\"font-weight: 400;\">Prof. univ. dr. Roseline LETTERON, Sorbonne Universit\u00e9, France<\/li> <li style=\"font-weight: 400;\">Prof. univ. dr. \u0218tefan PURICI, Universitatea \u201e\u0218tefan cel Mare\u201d din Suceava<\/li> <li style=\"font-weight: 400;\">Prof. univ. Aurelian ROTARU, Universitatea \u201e\u0218tefan cel Mare\u201d din Suceava<\/li> <li style=\"font-weight: 400;\">Prof. univ. dr. Florin PINTESCU,\u00a0Universitatea \u201e\u0218tefan cel Mare\u201d din Suceava<\/li> <li style=\"font-weight: 400;\">Prof. univ. dr. Gheorghe ONI\u0218ORU, Universitatea \u201e\u0218tefan cel Mare\u201d din Suceava<\/li> <li style=\"font-weight: 400;\">Prof. univ. dr. Bogdan POPOVENIUC, Universitatea \u201e\u0218tefan cel Mare\u201d din Suceava<\/li> <li style=\"font-weight: 400;\">Prof. univ. dr. Ana Maria BERCU, Universitatea \u201dAlexandru Ioan Cuza\u201d din Ia\u0219i<\/li> <li style=\"font-weight: 400;\">Prof. univ. dr. Ludmila RO\u0218CA, Universitatea de Stat din Moldova<\/li> <\/ul>","_links":{"self":[{"href":"https:\/\/democracy.usv.ro\/fr\/wp-json\/wp\/v2\/pages\/391","targetHints":{"allow":["GET"]}}],"collection":[{"href":"https:\/\/democracy.usv.ro\/fr\/wp-json\/wp\/v2\/pages"}],"about":[{"href":"https:\/\/democracy.usv.ro\/fr\/wp-json\/wp\/v2\/types\/page"}],"author":[{"embeddable":true,"href":"https:\/\/democracy.usv.ro\/fr\/wp-json\/wp\/v2\/users\/2"}],"replies":[{"embeddable":true,"href":"https:\/\/democracy.usv.ro\/fr\/wp-json\/wp\/v2\/comments?post=391"}],"version-history":[{"count":7,"href":"https:\/\/democracy.usv.ro\/fr\/wp-json\/wp\/v2\/pages\/391\/revisions"}],"predecessor-version":[{"id":398,"href":"https:\/\/democracy.usv.ro\/fr\/wp-json\/wp\/v2\/pages\/391\/revisions\/398"}],"wp:attachment":[{"href":"https:\/\/democracy.usv.ro\/fr\/wp-json\/wp\/v2\/media?parent=391"}],"curies":[{"name":"wp","href":"https:\/\/api.w.org\/{rel}","templated":true}]}}