{"id":369,"date":"2026-03-17T14:24:07","date_gmt":"2026-03-17T14:24:07","guid":{"rendered":"https:\/\/democracy.usv.ro\/?page_id=369"},"modified":"2026-04-28T10:25:39","modified_gmt":"2026-04-28T10:25:39","slug":"publication-conditions","status":"publish","type":"page","link":"https:\/\/democracy.usv.ro\/fr\/publication-conditions\/","title":{"rendered":"Conditions de publication"},"content":{"rendered":"<!--themify_builder_content-->\n<div id=\"themify_builder_content-369\" data-postid=\"369\" class=\"themify_builder_content themify_builder_content-369 themify_builder tf_clear\">\n                    <div  data-lazy=\"1\" class=\"module_row themify_builder_row tb_skc220 tb_first tf_w\">\n                        <div class=\"row_inner col_align_top tb_col_count_1 tf_box tf_rel\">\n                        <div  data-lazy=\"1\" class=\"module_column tb-column col-full tb_otwd21 first\">\n                            <div  data-lazy=\"1\" class=\"module_subrow themify_builder_sub_row tf_w col_align_top tb_col_count_1 tb_cprd22\">\n                <div  data-lazy=\"1\" class=\"module_column sub_column col-full tb_lmif22 first\">\n                    <!-- module text -->\n<div  class=\"module module-text tb_7nhy22\" data-lazy=\"1\">\n        <div  class=\"tb_text_wrap\">\n        <p style=\"text-align: justify;\" class=\"translation-block\">Les articles, entre 7.000 et 10.000 mots (le format des articles est disponible <a href=\"https:\/\/democracy.usv.ro\/wp-content\/uploads\/2026\/01\/FR_ENGL_Modele_redaction_Article_Template.docx\">ici<\/a>), sont \u00e0 transmettre \u00e0 l'adresse <a href=\"mailto:democracy@usv.ro\">democracy@usv.ro<\/a> avant le 30 juillet 2026 et seront publi\u00e9es dans le premier volume des actes du colloque (bilingue fran\u00e7ais \u2013 anglais), intitul\u00e9 <em>La Revue internationale de la d\u00e9mocratie et de la d\u00e9cision publique\/ The International Journal on Democracy and Public Decision<\/em>.<\/p>\n<p style=\"text-align: justify;\" class=\"translation-block\"><p style=\"text-align: justify\">Les <em>Assises Internationales de la D\u00e9mocratie et de la D\u00e9cision Publique<\/em> proposent aux intervenants la publication moyennant une <em>taxe de publication<\/em> de 40 EUR (les coordonn\u00e9es bancaires du compte d\u00e9di\u00e9 de l'Universit\u00e9 \u201eStefan cel Mare\u201d de Suceava - en EUR - sont \u00e0 retrouver <a href=\"#euro\"><u>ici<\/u><\/a>) ou 215 RON (les coordonn\u00e9es bancaires du compte d\u00e9di\u00e9 de l'Universit\u00e9 \u201eStefan cel Mare\u201d de Suceava - en RON - sont \u00e0 retrouver <u><a href=\"#lei\">ici<\/a>)<\/u> couvrant, entre autres, les co\u00fbts li\u00e9s \u00e0 la <em>peer review<\/em>, la relecture, la mise en page et la mise en ligne.<\/p><\/p>\n<p style=\"text-align: left;\">Les intervenants seront avis\u00e9s d\u00e8s la publication et le volume sera \u00e9galement disponible en ligne.<\/p>\n    <\/div>\n<\/div>\n<!-- \/module text -->        <\/div>\n                    <\/div>\n                <\/div>\n                        <\/div>\n        <\/div>\n                        <div  data-anchor=\"euro\" data-hide-anchor=\"1\" data-lazy=\"1\" class=\"module_row themify_builder_row tb_has_section tb_section-euro tb_di81312 tf_w\">\n                        <div class=\"row_inner col_align_top tb_col_count_1 tf_box tf_rel\">\n                        <div  data-lazy=\"1\" class=\"module_column tb-column col-full tb_jvo1312 first\">\n                    <!-- module text -->\n<div  class=\"module module-text tb_r87v312\" data-lazy=\"1\">\n        <div  class=\"tb_text_wrap\">\n        <p>EUR:<\/p>    <\/div>\n<\/div>\n<!-- \/module text --><!-- module text -->\n<div  class=\"module module-text tb_s2ut312\" data-lazy=\"1\">\n        <div  class=\"tb_text_wrap\">\n        <p>Titulaire: Universitatea Stefan cel Mare Suceava CIF 4244423<\/p>\n<p>Cod IBAN : RO06RNCB0234037009580081<\/p>\n<p>SWIFT : RNCB RO BU<\/p>    <\/div>\n<\/div>\n<!-- \/module text -->        <\/div>\n                        <\/div>\n        <\/div>\n                        <div  data-anchor=\"lei\" data-lazy=\"1\" class=\"module_row themify_builder_row tb_has_section tb_section-lei tb_vvd6911 tf_w\">\n                        <div class=\"row_inner col_align_top tb_col_count_1 tf_box tf_rel\">\n                        <div  data-lazy=\"1\" class=\"module_column tb-column col-full tb_evru911 first\">\n                    <!-- module text -->\n<div  class=\"module module-text tb_a8vw911\" data-lazy=\"1\">\n        <div  class=\"tb_text_wrap\">\n        <p>RON:<\/p>    <\/div>\n<\/div>\n<!-- \/module text --><!-- module text -->\n<div  class=\"module module-text tb_v3ph911\" data-lazy=\"1\">\n        <div  class=\"tb_text_wrap\">\n        <p>Titulaire: Universitatea Stefan cel Mare Suceava CIF 4244423<\/p>\n<p>Cod IBAN: RO48TREZ59120F330800XXXX<\/p>\n<p>(cont deschis la Trezoreria Municipiului Suceava)<\/p>    <\/div>\n<\/div>\n<!-- \/module text -->        <\/div>\n                        <\/div>\n        <\/div>\n        <\/div>\n<!--\/themify_builder_content-->","protected":false},"excerpt":{"rendered":"<p>The contributions, between 7,000 and 10,000 words (article&#8217;s format is available here), should be sent to democracy@usv.ro before July 30, 2026 and will be published in the first volume of the proceedings of the conference (bilingual French \u2013 English), La Revue internationale de la d\u00e9mocratie et de la d\u00e9cision publique\/ The International Journal on Democracy [&hellip;]<\/p>\n","protected":false},"author":2,"featured_media":0,"parent":0,"menu_order":0,"comment_status":"closed","ping_status":"closed","template":"","meta":{"footnotes":""},"class_list":["post-369","page","type-page","status-publish","hentry","has-post-title","has-post-date","has-post-category","has-post-tag","has-post-comment","has-post-author",""],"builder_content":"<p style=\"text-align: justify;\">The contributions, between 7,000 and 10,000 words (article's format is available <a href=\"https:\/\/democracy.usv.ro\/wp-content\/uploads\/2026\/01\/FR_ENGL_Modele_redaction_Article_Template.docx\">here<\/a>), should be sent to <a href=\"democracy@usv.ro\">democracy@usv.ro<\/a> before July 30, 2026 and will be published in the first volume of the proceedings of the conference (bilingual French \u2013 English), <em>La Revue internationale de la d\u00e9mocratie et de la d\u00e9cision publique\/ The International Journal on Democracy and Public Decision<\/em>.<\/p> <p style=\"text-align: justify;\">The International Forum on Democracy and Public Decision offers participants the opportunity to publish their proceedings for a fee of \u20ac40 (bank details for the dedicated account of the \"Stefan cel Mare\" University of Suceava - in EUR - can be found <a href=\"#euro\"><em><u>here<\/u><\/em><\/a>) or RON 215 (bank details for the dedicated account of the \"Stefan cel Mare\" University of Suceava - in RON - can be found <a href=\"#lei\"><em><u>here<\/u><\/em><\/a>). This fee covers, among others, the costs with peer review, proofreading, layout, and online publication.<\/p> <p style=\"text-align: left;\">Participants will be notified upon publication, and the volume will also be available online.<\/p>\n<p>EUR:<\/p>\n<p>Account holder: Universitatea Stefan cel Mare Suceava CIF 4244423<\/p> <p>Cod IBAN : RO06RNCB0234037009580081<\/p> <p>SWIFT : RNCB RO BU<\/p>\n<p>RON:<\/p>\n<p>Account holder: Universitatea Stefan cel Mare Suceava CIF 4244423<\/p> <p>Cod IBAN: RO48TREZ59120F330800XXXX<\/p> <p>(account at Trezoreria Municipiului Suceava)<\/p>","_links":{"self":[{"href":"https:\/\/democracy.usv.ro\/fr\/wp-json\/wp\/v2\/pages\/369","targetHints":{"allow":["GET"]}}],"collection":[{"href":"https:\/\/democracy.usv.ro\/fr\/wp-json\/wp\/v2\/pages"}],"about":[{"href":"https:\/\/democracy.usv.ro\/fr\/wp-json\/wp\/v2\/types\/page"}],"author":[{"embeddable":true,"href":"https:\/\/democracy.usv.ro\/fr\/wp-json\/wp\/v2\/users\/2"}],"replies":[{"embeddable":true,"href":"https:\/\/democracy.usv.ro\/fr\/wp-json\/wp\/v2\/comments?post=369"}],"version-history":[{"count":30,"href":"https:\/\/democracy.usv.ro\/fr\/wp-json\/wp\/v2\/pages\/369\/revisions"}],"predecessor-version":[{"id":416,"href":"https:\/\/democracy.usv.ro\/fr\/wp-json\/wp\/v2\/pages\/369\/revisions\/416"}],"wp:attachment":[{"href":"https:\/\/democracy.usv.ro\/fr\/wp-json\/wp\/v2\/media?parent=369"}],"curies":[{"name":"wp","href":"https:\/\/api.w.org\/{rel}","templated":true}]}}