{"id":16,"date":"2019-08-27T04:21:23","date_gmt":"2019-08-27T04:21:23","guid":{"rendered":"https:\/\/democracy.usv.ro\/home\/"},"modified":"2026-01-14T09:26:05","modified_gmt":"2026-01-14T09:26:05","slug":"publications","status":"publish","type":"page","link":"https:\/\/democracy.usv.ro\/fr\/publications\/","title":{"rendered":"Publications"},"content":{"rendered":"<!--themify_builder_content-->\n<div id=\"themify_builder_content-16\" data-postid=\"16\" class=\"themify_builder_content themify_builder_content-16 themify_builder tf_clear\">\n                    <div  data-lazy=\"1\" class=\"module_row themify_builder_row tb_3jww994 tb_first tf_w\">\n                        <div class=\"row_inner col_align_top tb_col_count_1 tf_box tf_rel\">\n                        <div  data-lazy=\"1\" class=\"module_column tb-column col-full tb_vgc2994 first\">\n                            <div  data-lazy=\"1\" class=\"module_subrow themify_builder_sub_row tf_w col_align_top tb_col_count_1 tb_fi49301\">\n                <div  data-lazy=\"1\" class=\"module_column sub_column col-full tb_r1vo301 first\">\n                    <!-- module text -->\n<div  class=\"module module-text tb_4ym4244\" data-lazy=\"1\">\n        <div  class=\"tb_text_wrap\">\n        <p class=\"translation-block\"><p>Des travaux s\u00e9lectionn\u00e9s seront publi\u00e9s dans\u00a0 <em>La Revue internationale de la d\u00e9mocratie et de la d\u00e9cision publique\/The International Journal on Democracy and Public Decision.<\/em><\/p><\/p>    <\/div>\n<\/div>\n<!-- \/module text -->        <\/div>\n                    <\/div>\n                <\/div>\n                        <\/div>\n        <\/div>\n        <\/div>\n<!--\/themify_builder_content-->","protected":false},"excerpt":{"rendered":"<p class=\"translation-block\"><p>Des travaux s\u00e9lectionn\u00e9s seront publi\u00e9s dans\u00a0 <em>La Revue internationale de la d\u00e9mocratie et de la d\u00e9cision publique\/The International Journal on Democracy and Public Decision.<\/em><\/p><\/p>","protected":false},"author":1,"featured_media":0,"parent":0,"menu_order":0,"comment_status":"closed","ping_status":"closed","template":"","meta":{"footnotes":""},"class_list":["post-16","page","type-page","status-publish","hentry","has-post-title","has-post-date","has-post-category","has-post-tag","has-post-comment","has-post-author",""],"builder_content":"<p>Selected papers will be published in <i>The International Journal on Democracy and Public Decision\/ La Revue internationale de la d\u00e9mocratie et de la d\u00e9cision publique.<\/i><\/p>","_links":{"self":[{"href":"https:\/\/democracy.usv.ro\/fr\/wp-json\/wp\/v2\/pages\/16","targetHints":{"allow":["GET"]}}],"collection":[{"href":"https:\/\/democracy.usv.ro\/fr\/wp-json\/wp\/v2\/pages"}],"about":[{"href":"https:\/\/democracy.usv.ro\/fr\/wp-json\/wp\/v2\/types\/page"}],"author":[{"embeddable":true,"href":"https:\/\/democracy.usv.ro\/fr\/wp-json\/wp\/v2\/users\/1"}],"replies":[{"embeddable":true,"href":"https:\/\/democracy.usv.ro\/fr\/wp-json\/wp\/v2\/comments?post=16"}],"version-history":[{"count":23,"href":"https:\/\/democracy.usv.ro\/fr\/wp-json\/wp\/v2\/pages\/16\/revisions"}],"predecessor-version":[{"id":326,"href":"https:\/\/democracy.usv.ro\/fr\/wp-json\/wp\/v2\/pages\/16\/revisions\/326"}],"wp:attachment":[{"href":"https:\/\/democracy.usv.ro\/fr\/wp-json\/wp\/v2\/media?parent=16"}],"curies":[{"name":"wp","href":"https:\/\/api.w.org\/{rel}","templated":true}]}}